{"id":730,"date":"2024-04-26T06:31:16","date_gmt":"2024-04-26T06:31:16","guid":{"rendered":"https:\/\/galemiamihotelandresidences.com\/?page_id=730"},"modified":"2024-10-15T16:04:55","modified_gmt":"2024-10-15T16:04:55","slug":"comodidades","status":"publish","type":"page","link":"https:\/\/www.thelinksestatesatfisherisland.miami\/es\/comodidades\/","title":{"rendered":"Comodidades"},"content":{"rendered":"<p>[et_pb_section fb_built=&#8221;1&#8243; custom_padding_last_edited=&#8221;on|phone&#8221; _builder_version=&#8221;4.27.2&#8243; _module_preset=&#8221;default&#8221; background_color=&#8221;rgba(0,0,0,0.61)&#8221; background_image=&#8221;http:\/\/www.thelinksestatesatfisherisland.miami\/es\/wp-content\/uploads\/linksestatesfisherisland_rooftop.jpg&#8221; background_blend=&#8221;overlay&#8221; custom_padding=&#8221;90px||90px|||&#8221; custom_padding_tablet=&#8221;90px||90px|||&#8221; custom_padding_phone=&#8221;50px||50px||true|false&#8221; hover_enabled=&#8221;0&#8243; global_colors_info=&#8221;{}&#8221; alt=&#8221;The Links Estates At Fisher Island Rooftop&#8221; title_text=&#8221;The Links Estates At Fisher Island Rooftop&#8221; sticky_enabled=&#8221;0&#8243;][et_pb_row _builder_version=&#8221;4.17.4&#8243; _module_preset=&#8221;default&#8221; global_colors_info=&#8221;{}&#8221;][et_pb_column type=&#8221;4_4&#8243; _builder_version=&#8221;4.17.4&#8243; _module_preset=&#8221;default&#8221; global_colors_info=&#8221;{}&#8221;][et_pb_text _builder_version=&#8221;4.27.2&#8243; _module_preset=&#8221;default&#8221; text_font=&#8221;|600|||||||&#8221; text_text_color=&#8221;#FFFFFF&#8221; text_font_size=&#8221;25px&#8221; header_font=&#8221;|700||on|||||&#8221; header_text_align=&#8221;center&#8221; header_text_color=&#8221;#FFFFFF&#8221; header_font_size=&#8221;40px&#8221; header_2_font_size=&#8221;45px&#8221; text_orientation=&#8221;center&#8221; hover_enabled=&#8221;0&#8243; header_font_size_tablet=&#8221;50px&#8221; header_font_size_phone=&#8221;40px&#8221; header_font_size_last_edited=&#8221;on|phone&#8221; header_text_shadow_style=&#8221;preset3&#8243; header_text_shadow_blur_strength=&#8221;0.69em&#8221; header_text_shadow_color=&#8221;#000000&#8243; global_colors_info=&#8221;{}&#8221; sticky_enabled=&#8221;0&#8243;]<\/p>\n<h1>The Links Estates at Fisher Island Comodidades<\/h1>\n<p>[\/et_pb_text][\/et_pb_column][\/et_pb_row][\/et_pb_section][et_pb_section fb_built=&#8221;1&#8243; module_id=&#8221;building-features&#8221; _builder_version=&#8221;4.22.1&#8243; _module_preset=&#8221;default&#8221; background_color=&#8221;RGBA(255,255,255,0)&#8221; custom_padding=&#8221;||2px|||&#8221; global_colors_info=&#8221;{}&#8221;][et_pb_row column_structure=&#8221;1_2,1_2&#8243; _builder_version=&#8221;4.27.0&#8243; _module_preset=&#8221;default&#8221; width=&#8221;90%&#8221; max_width=&#8221;90%&#8221; custom_padding=&#8221;||0px|||&#8221; global_colors_info=&#8221;{}&#8221;][et_pb_column type=&#8221;1_2&#8243; _builder_version=&#8221;4.20.2&#8243; _module_preset=&#8221;default&#8221; global_colors_info=&#8221;{}&#8221;][et_pb_text _builder_version=&#8221;4.27.2&#8243; _module_preset=&#8221;default&#8221; text_font=&#8221;Adamina||||||||&#8221; text_text_color=&#8221;#000000&#8243; text_line_height=&#8221;1.8em&#8221; header_2_font=&#8221;|700|||||||&#8221; header_2_font_size=&#8221;30px&#8221; header_2_line_height=&#8221;1.8em&#8221; custom_margin=&#8221;-34px|||||&#8221; hover_enabled=&#8221;0&#8243; global_colors_info=&#8221;{}&#8221; sticky_enabled=&#8221;0&#8243;]<\/p>\n<h2>Caracter\u00edsticas del edificio<\/h2>\n<ul>\n<li>Dise\u00f1o arquitect\u00f3nico moderno<\/li>\n<li>Amplios planos de planta abiertos<\/li>\n<li>Techos altos con ventanas de piso a techo<\/li>\n<li>Tecnolog\u00eda de hogar inteligente de \u00faltima generaci\u00f3n<\/li>\n<li>Ascensores privados<\/li>\n<li>Cocinas gourmet con electrodom\u00e9sticos de primera calidad<\/li>\n<li>Lujosas suites principales<\/li>\n<li>Amplias terrazas con vistas al mar<\/li>\n<li>Piscinas de borde infinito<\/li>\n<li>Estacionamiento subterr\u00e1neo seguro<\/li>\n<li>Exuberantes jardines paisaj\u00edsticos<\/li>\n<li>Sistemas de seguridad avanzados<\/li>\n<\/ul>\n<p>[\/et_pb_text][\/et_pb_column][et_pb_column type=&#8221;1_2&#8243; _builder_version=&#8221;4.20.2&#8243; _module_preset=&#8221;default&#8221; global_colors_info=&#8221;{}&#8221;][et_pb_image src=&#8221;http:\/\/www.thelinksestatesatfisherisland.miami\/es\/wp-content\/uploads\/linksestatesfisherisland_home_03.jpg&#8221; title_text=&#8221;The Links Estates At Fisher Island&#8221; _builder_version=&#8221;4.27.0&#8243; _module_preset=&#8221;default&#8221; global_colors_info=&#8221;{}&#8221;][\/et_pb_image][\/et_pb_column][\/et_pb_row][\/et_pb_section][et_pb_section fb_built=&#8221;1&#8243; module_id=&#8221;building-features&#8221; _builder_version=&#8221;4.22.1&#8243; _module_preset=&#8221;default&#8221; background_color=&#8221;RGBA(255,255,255,0)&#8221; custom_padding=&#8221;90px||2px|||&#8221; global_colors_info=&#8221;{}&#8221;][et_pb_row column_structure=&#8221;1_2,1_2&#8243; _builder_version=&#8221;4.27.0&#8243; _module_preset=&#8221;default&#8221; width=&#8221;90%&#8221; max_width=&#8221;90%&#8221; custom_padding=&#8221;||0px|||&#8221; global_colors_info=&#8221;{}&#8221;][et_pb_column type=&#8221;1_2&#8243; _builder_version=&#8221;4.20.2&#8243; _module_preset=&#8221;default&#8221; global_colors_info=&#8221;{}&#8221;][et_pb_image src=&#8221;http:\/\/www.thelinksestatesatfisherisland.miami\/es\/wp-content\/uploads\/linksestatesfisherisland_bedroom.jpg&#8221; alt=&#8221;The Four Seasons Coconut Grove South Florida&#8221; title_text=&#8221;The Links Estates At Fisher Island&#8221; align=&#8221;center&#8221; _builder_version=&#8221;4.27.0&#8243; _module_preset=&#8221;default&#8221; custom_margin=&#8221;-43px|||||&#8221; custom_margin_tablet=&#8221;79px|||||&#8221; custom_margin_phone=&#8221;1px||||false|false&#8221; custom_margin_last_edited=&#8221;on|phone&#8221; enable_caption_text=&#8221;on&#8221; image_caption_color=&#8221;#282828&#8243; image_caption_size=&#8221;14px&#8221; image_caption_lineheight=&#8221;1.5em&#8221; global_colors_info=&#8221;{}&#8221;][\/et_pb_image][\/et_pb_column][et_pb_column type=&#8221;1_2&#8243; _builder_version=&#8221;4.20.2&#8243; _module_preset=&#8221;default&#8221; global_colors_info=&#8221;{}&#8221;][et_pb_text _builder_version=&#8221;4.27.2&#8243; _module_preset=&#8221;default&#8221; text_font=&#8221;Adamina||||||||&#8221; text_text_color=&#8221;#000000&#8243; text_line_height=&#8221;1.8em&#8221; header_2_font=&#8221;|700|||||||&#8221; header_2_font_size=&#8221;30px&#8221; header_2_line_height=&#8221;1.8em&#8221; custom_margin=&#8221;-80px|||||&#8221; hover_enabled=&#8221;0&#8243; global_colors_info=&#8221;{}&#8221; sticky_enabled=&#8221;0&#8243;]<\/p>\n<h2>Caracter\u00edsticas de la residencia<\/h2>\n<ul>\n<li>Amplios espacios habitables<\/li>\n<li>Interiores dise\u00f1ados a medida<\/li>\n<li>Ventanas de vidrio de piso a techo<\/li>\n<li>Cocinas gourmet con electrodom\u00e9sticos de primera l\u00ednea<\/li>\n<li>Lujosos ba\u00f1os inspirados en spa<\/li>\n<li>Vestidores con gabinetes personalizados<\/li>\n<li>Terrazas privadas con impresionantes vistas al mar<\/li>\n<li>Sistema de automatizaci\u00f3n del hogar inteligente<\/li>\n<li>Acabados y materiales de alta gama<\/li>\n<li>Piscinas privadas<\/li>\n<li>Amplias suites para invitados<\/li>\n<li>Bodegas y bares<\/li>\n<\/ul>\n<p>[\/et_pb_text][\/et_pb_column][\/et_pb_row][\/et_pb_section][et_pb_section fb_built=&#8221;1&#8243; _builder_version=&#8221;4.27.0&#8243; _module_preset=&#8221;default&#8221; global_colors_info=&#8221;{}&#8221;][et_pb_row _builder_version=&#8221;4.27.0&#8243; _module_preset=&#8221;default&#8221; global_colors_info=&#8221;{}&#8221;][et_pb_column type=&#8221;4_4&#8243; _builder_version=&#8221;4.27.0&#8243; _module_preset=&#8221;default&#8221; global_colors_info=&#8221;{}&#8221;][et_pb_text _builder_version=&#8221;4.27.2&#8243; _module_preset=&#8221;default&#8221; text_font=&#8221;Adamina||||||||&#8221; text_text_color=&#8221;#000000&#8243; text_line_height=&#8221;1.8em&#8221; header_2_text_color=&#8221;#000000&#8243; hover_enabled=&#8221;0&#8243; global_colors_info=&#8221;{}&#8221; sticky_enabled=&#8221;0&#8243;]<\/p>\n<h2>COMODIDADES DEL CLUB FISHER ISLAND<\/h2>\n<p>&nbsp;<\/p>\n<p><strong>EL CLUB FISHER ISLAND<\/strong><br \/>El Fisher Island Club es uno de los clubes privados m\u00e1s exclusivos del mundo. Con una historia que abarca m\u00e1s de 100 a\u00f1os, esta isla privada de 216 acres solo para miembros cuenta con comodidades de clase mundial y privilegios insuperables que incluyen:<\/p>\n<p><strong>LA HIST\u00d3RICA CASA CLUB VANDERBILT MANSION<\/strong><br \/>Construida en 1935 seg\u00fan el dise\u00f1o del famoso arquitecto de Palm Beach Maurice Fatio, la mansi\u00f3n alberga el Garwood Lounge, el Theapolis &amp; Biblioteca, club de billar y sal\u00f3n de baile.<\/p>\n<p><strong>THE FISHER ISLAND CLUB HOTEL<\/strong><br \/>Reservado para el uso exclusivo de los miembros del Fisher Island Club y sus invitados, este hotel boutique de 15 habitaciones es miembro de la colecci\u00f3n &#8220;The Leading Hotels of the World&#8221; y cuenta con cuatro caba\u00f1as hist\u00f3ricas, seis villas con patio y una casa de hu\u00e9spedes con cinco suites junior.<\/p>\n<p><strong>THE LINKS GOLF COURSE<\/strong><br \/>Este campo de golf de campeonato de nueve hoyos par 35 dise\u00f1ado por P.B. Dye incluye un campo de pr\u00e1cticas de doble extremo, putting green, casa club, tienda de art\u00edculos deportivos y el restaurante Greenside.<\/p>\n<p><strong>THE RACQUET CLUB<\/strong><br \/>Disfrute jugando en 17 canchas de tenis y 4 canchas de pickleball en The Racquet Club. Aprenda con los mejores profesionales en cuatro tipos de superficies de juego de tenis, incluidas las 4 superficies &#8220;Grand Slam&#8221;: 2 canchas de c\u00e9sped, 5 canchas de arcilla roja europea, 3 canchas duras y 7 canchas Har-Tru, con canchas iluminadas para jugar de d\u00eda y de noche.<\/p>\n<p><strong>SPA INTERNAZIONALE &amp; FITNESS CENTER<\/strong><br \/>El spa de estilo mediterr\u00e1neo cuenta con un personal internacional, especialmente capacitado para brindar el m\u00e1s alto nivel de servicio y lo \u00faltimo en t\u00e9cnicas terap\u00e9uticas de spa. El gimnasio est\u00e1 equipado con equipos Technogym de \u00faltima generaci\u00f3n, amplias clases de ejercicios grupales, incluido un estudio de spinning designado y una piscina cubierta con clases de agua y programas de entrenamiento personal especializados.<\/p>\n<p><strong>MARINAS<\/strong><br \/>Fisher Island cuenta con m\u00e1s de 100 amarres en total entre dos marinas de \u00faltima generaci\u00f3n, incluida una de las pocas marinas de aguas profundas existentes en Miami. El recientemente renovado Vanderbilt Marina de aguas profundas ofrece muelles flotantes de hormig\u00f3n que pueden albergar yates de lujo de hasta 250 pies.<\/p>\n<p><strong>CLUB DE PLAYA Y PLAYAS PRIVADAS<\/strong><br \/>Fisher Island tiene m\u00e1s de una milla de playas de arena blanca pr\u00edstina, con un restaurante de servicio completo, servicio junto a la playa y elegantes pabellones junto al mar en el Beach Club.<\/p>\n<p><strong>LUGARES PARA RESTAURAR<\/strong><br \/>Varios establecimientos gastron\u00f3micos \u00fanicos que var\u00edan de informales a elegantes, para todos los paladares y ocasiones: Beach Club, Porto Cervo, City View &amp; Library, Garwood Lounge, Greenside Golf Grill, Sunset Bar y La Trattoria.<\/p>\n<p><strong>CENTRO DE LA CIUDAD<\/strong><br \/>Un destino de restaurantes y tiendas frente al mar ubicado junto al puerto deportivo residente de la isla. El centro de la ciudad incluye el Island Market, La Trattoria, Porto Cervo, Regions Bank y Rey&#8217;s Dry Cleaners.<\/p>\n<p>CENTRO DE CONFERENCIAS<br \/>Ubicado en el Centro de Tenis, esta sala de reuniones corporativa totalmente equipada puede alojar c\u00f3modamente hasta 40 personas y est\u00e1 equipada con tecnolog\u00eda audiovisual.<\/p>\n<p><strong>TEATRO VANDERBILT<\/strong><br \/>Un lugar para m\u00fasicos de \u00e9lite, conferencias inspiradoras, entretenimiento en vivo, noches de cine familiar y fiestas, el Teatro Vanderbilt es el centro de la actividad del Club.<\/p>\n<p>[\/et_pb_text][\/et_pb_column][\/et_pb_row][et_pb_row use_custom_gutter=&#8221;on&#8221; gutter_width=&#8221;2&#8243; _builder_version=&#8221;4.27.0&#8243; _module_preset=&#8221;default&#8221; global_colors_info=&#8221;{}&#8221;][et_pb_column type=&#8221;4_4&#8243; _builder_version=&#8221;4.27.0&#8243; _module_preset=&#8221;default&#8221; global_colors_info=&#8221;{}&#8221;][et_pb_gallery gallery_ids=&#8221;1804,1803,1785,1805,1806,1800,1807,1801&#8243; posts_number=&#8221;12&#8243; show_title_and_caption=&#8221;off&#8221; show_pagination=&#8221;off&#8221; zoom_icon_color=&#8221;#FFFFFF&#8221; hover_overlay_color=&#8221;rgba(0,0,0,0.24)&#8221; _builder_version=&#8221;4.27.0&#8243; _module_preset=&#8221;default&#8221; global_colors_info=&#8221;{}&#8221;][\/et_pb_gallery][\/et_pb_column][\/et_pb_row][\/et_pb_section]<\/p>\n","protected":false},"excerpt":{"rendered":"<p>The Links Estates at Fisher Island ComodidadesCaracter\u00edsticas del edificio Dise\u00f1o arquitect\u00f3nico moderno Amplios planos de planta abiertos Techos altos con ventanas de piso a techo Tecnolog\u00eda de hogar inteligente de \u00faltima generaci\u00f3n Ascensores privados Cocinas gourmet con electrodom\u00e9sticos de primera calidad Lujosas suites principales Amplias terrazas con vistas al mar Piscinas de borde infinito Estacionamiento [&hellip;]<\/p>\n","protected":false},"author":1,"featured_media":0,"parent":0,"menu_order":0,"comment_status":"closed","ping_status":"closed","template":"","meta":{"_et_pb_use_builder":"on","_et_pb_old_content":"","_et_gb_content_width":"","footnotes":""},"class_list":["post-730","page","type-page","status-publish","hentry"],"_links":{"self":[{"href":"https:\/\/www.thelinksestatesatfisherisland.miami\/es\/wp-json\/wp\/v2\/pages\/730","targetHints":{"allow":["GET"]}}],"collection":[{"href":"https:\/\/www.thelinksestatesatfisherisland.miami\/es\/wp-json\/wp\/v2\/pages"}],"about":[{"href":"https:\/\/www.thelinksestatesatfisherisland.miami\/es\/wp-json\/wp\/v2\/types\/page"}],"author":[{"embeddable":true,"href":"https:\/\/www.thelinksestatesatfisherisland.miami\/es\/wp-json\/wp\/v2\/users\/1"}],"replies":[{"embeddable":true,"href":"https:\/\/www.thelinksestatesatfisherisland.miami\/es\/wp-json\/wp\/v2\/comments?post=730"}],"version-history":[{"count":47,"href":"https:\/\/www.thelinksestatesatfisherisland.miami\/es\/wp-json\/wp\/v2\/pages\/730\/revisions"}],"predecessor-version":[{"id":1879,"href":"https:\/\/www.thelinksestatesatfisherisland.miami\/es\/wp-json\/wp\/v2\/pages\/730\/revisions\/1879"}],"wp:attachment":[{"href":"https:\/\/www.thelinksestatesatfisherisland.miami\/es\/wp-json\/wp\/v2\/media?parent=730"}],"curies":[{"name":"wp","href":"https:\/\/api.w.org\/{rel}","templated":true}]}}