{"id":385,"date":"2024-04-26T07:50:02","date_gmt":"2024-04-26T07:50:02","guid":{"rendered":"https:\/\/clarabayharborisland.com\/?page_id=385"},"modified":"2024-10-15T16:12:20","modified_gmt":"2024-10-15T16:12:20","slug":"equipo","status":"publish","type":"page","link":"https:\/\/www.thelinksestatesatfisherisland.miami\/es\/equipo\/","title":{"rendered":"Equipo"},"content":{"rendered":"<p>[et_pb_section fb_built=&#8221;1&#8243; custom_padding_last_edited=&#8221;on|phone&#8221; _builder_version=&#8221;4.27.0&#8243; _module_preset=&#8221;default&#8221; background_color=&#8221;rgba(0,0,0,0.7)&#8221; background_image=&#8221;http:\/\/www.thelinksestatesatfisherisland.miami\/es\/wp-content\/uploads\/linksestatesfisherisland_home_05.jpg&#8221; background_blend=&#8221;overlay&#8221; custom_padding=&#8221;90px||90px|||&#8221; custom_padding_tablet=&#8221;90px||90px|||&#8221; custom_padding_phone=&#8221;50px||50px||true|false&#8221; global_colors_info=&#8221;{}&#8221;][et_pb_row _builder_version=&#8221;4.17.4&#8243; _module_preset=&#8221;default&#8221; global_colors_info=&#8221;{}&#8221;][et_pb_column type=&#8221;4_4&#8243; _builder_version=&#8221;4.17.4&#8243; _module_preset=&#8221;default&#8221; global_colors_info=&#8221;{}&#8221;][et_pb_text _builder_version=&#8221;4.27.2&#8243; _module_preset=&#8221;default&#8221; text_font=&#8221;|600|||||||&#8221; text_text_color=&#8221;#FFFFFF&#8221; text_font_size=&#8221;25px&#8221; header_font=&#8221;|700||on|||||&#8221; header_text_align=&#8221;center&#8221; header_text_color=&#8221;#FFFFFF&#8221; header_font_size=&#8221;40px&#8221; text_orientation=&#8221;center&#8221; hover_enabled=&#8221;0&#8243; header_font_size_tablet=&#8221;50px&#8221; header_font_size_phone=&#8221;40px&#8221; header_font_size_last_edited=&#8221;on|phone&#8221; header_text_shadow_style=&#8221;preset3&#8243; header_text_shadow_blur_strength=&#8221;0.69em&#8221; header_text_shadow_color=&#8221;#000000&#8243; global_colors_info=&#8221;{}&#8221; sticky_enabled=&#8221;0&#8243;]<\/p>\n<h1>The Links Estates at Fisher Island Equipo<\/h1>\n<p>&nbsp;<\/p>\n<p>[\/et_pb_text][\/et_pb_column][\/et_pb_row][\/et_pb_section][et_pb_section fb_built=&#8221;1&#8243; _builder_version=&#8221;4.22.1&#8243; _module_preset=&#8221;default&#8221; background_color=&#8221;#f7f7f9&#8243; custom_padding=&#8221;||2px|||&#8221; global_colors_info=&#8221;{}&#8221;][et_pb_row _builder_version=&#8221;4.27.0&#8243; _module_preset=&#8221;default&#8221; global_colors_info=&#8221;{}&#8221;][et_pb_column type=&#8221;4_4&#8243; _builder_version=&#8221;4.20.2&#8243; _module_preset=&#8221;default&#8221; global_colors_info=&#8221;{}&#8221;][et_pb_text _builder_version=&#8221;4.27.2&#8243; _module_preset=&#8221;default&#8221; text_font=&#8221;Adamina||||||||&#8221; text_text_color=&#8221;#000000&#8243; text_line_height=&#8221;1.8em&#8221; custom_margin=&#8221;-41px|||||&#8221; hover_enabled=&#8221;0&#8243; global_colors_info=&#8221;{}&#8221; sticky_enabled=&#8221;0&#8243;]<\/p>\n<p><strong>DESARROLLADOR: Fisher Island Holdings, LLC<\/strong><br \/><strong>ARQUITECTO: Portuondo Perotti Architects<\/strong><br \/><strong>CONTRATISTA GENERAL: ASR Construction<\/strong><br \/><strong>ARQUITECTO PAISAJISTA: Enzo Enea\/Enea Garden Design<\/strong><br \/><strong>ARQUITECTURA Y DISE\u00d1O DE INTERIORES: Indelux<\/strong><br \/><strong>CONSTRUCCI\u00d3N DE INTERIORES: ASR Interiors<\/strong><\/p>\n<p><strong><\/strong><\/p>\n<p>&nbsp;<\/p>\n<p>[\/et_pb_text][\/et_pb_column][\/et_pb_row][et_pb_row _builder_version=&#8221;4.27.0&#8243; _module_preset=&#8221;default&#8221; width=&#8221;80%&#8221; global_colors_info=&#8221;{}&#8221;][et_pb_column type=&#8221;4_4&#8243; _builder_version=&#8221;4.27.0&#8243; _module_preset=&#8221;default&#8221; global_colors_info=&#8221;{}&#8221;][et_pb_text _builder_version=&#8221;4.27.2&#8243; _module_preset=&#8221;default&#8221; text_font=&#8221;Adamina||||||||&#8221; text_text_color=&#8221;#000000&#8243; text_line_height=&#8221;1.8em&#8221; header_2_font=&#8221;Adamina||||||||&#8221; header_2_text_color=&#8221;#000000&#8243; hover_enabled=&#8221;0&#8243; global_colors_info=&#8221;{}&#8221; sticky_enabled=&#8221;0&#8243;]<\/p>\n<h2>Desarrollador: Fisher Island Holdings<\/h2>\n<p>Tras la venta por 1000 millones de d\u00f3lares del primer desarrollo de condominios de servicio completo de Fisher Island, Palazzo Del Sol y Palazzo Della Luna, el desarrollador Fisher Island Holdings se complace en elevar nuevamente el est\u00e1ndar de vida de lujo con una colecci\u00f3n exclusiva de casas privadas modernas dise\u00f1adas para representar lo mejor de la vida en Fisher Island. Liderado por el veterano de la industria Heinrich von Hanau, Fisher Island Holdings es muy elogiado como un desarrollador galardonado de algunas de las mejores residencias del mundo.<\/p>\n<p>&nbsp;<\/p>\n<h2>Contratista general y construcci\u00f3n de interiores: ASR Construction y ASR Interiors<\/h2>\n<p>Como contratista general y constructor de confianza en Fisher Island desde 1996, ASR Construction, liderado por Cedrik Denain y Joe Dieppa, aprovecha recursos globales incomparables y las \u00faltimas tecnolog\u00edas para construir las casas de la m\u00e1s alta calidad posible. Dentro de la casa, ASR Interiors crea ambientes personalizados que expresan la grandeza y el car\u00e1cter individual de Fisher Island y sus residentes hechos a medida. El compromiso de ASR con la construcci\u00f3n de excelente calidad sirve como base para su \u00e9xito continuo en la entrega de residencias incomparables a la isla una y otra vez.<\/p>\n<p>&nbsp;<\/p>\n<h2>Dise\u00f1o de interiores italiano: Indelux<\/h2>\n<p>El estudio de dise\u00f1o de interiores y muebles europeo Indelux se compromete a crear espacios transformadores que buscan la armon\u00eda y el equilibrio a trav\u00e9s de un dise\u00f1o extraordinario. Gracias a su experiencia en Palazzo Del Sol y Palazzo Della Luna, Indelux sabe c\u00f3mo ofrecer residencias excepcionales que enfatizan la belleza y la tranquilidad.<\/p>\n<p>&nbsp;<\/p>\n<h2>Arquitecto: Portuondo Perotti Architects<\/h2>\n<p>Un estudio de arquitectura vibrante con sede en Florida dedicado a producir arquitectura seria y duradera. El enfoque principal de la firma es crear dise\u00f1os \u00edntimamente sensibles a las necesidades de la comunidad circundante.<\/p>\n<p>&nbsp;<\/p>\n<h2>Dise\u00f1ador de paisajes: Enzo Enea, Enea Garden Design<\/h2>\n<p>Enea Garden Design, una de las firmas de arquitectura paisaj\u00edstica m\u00e1s importantes del mundo, se esfuerza por crear espacios exteriores duraderos y contextualizados. Siguiendo con el dise\u00f1o de arquitectura paisaj\u00edstica floreciente y verde de Palazzo Del Sol y Palazzo Della Luna, Enea volver\u00e1 a ofrecer espacios exteriores de dise\u00f1o excepcional para The Links Estates en Fisher Island.[\/et_pb_text][\/et_pb_column][\/et_pb_row][\/et_pb_section]<\/p>\n","protected":false},"excerpt":{"rendered":"<p>The Links Estates at Fisher Island Equipo &nbsp;DESARROLLADOR: Fisher Island Holdings, LLCARQUITECTO: Portuondo Perotti ArchitectsCONTRATISTA GENERAL: ASR ConstructionARQUITECTO PAISAJISTA: Enzo Enea\/Enea Garden DesignARQUITECTURA Y DISE\u00d1O DE INTERIORES: IndeluxCONSTRUCCI\u00d3N DE INTERIORES: ASR Interiors &nbsp;Desarrollador: Fisher Island Holdings Tras la venta por 1000 millones de d\u00f3lares del primer desarrollo de condominios de servicio completo de Fisher Island, [&hellip;]<\/p>\n","protected":false},"author":1,"featured_media":0,"parent":0,"menu_order":0,"comment_status":"closed","ping_status":"closed","template":"","meta":{"_et_pb_use_builder":"on","_et_pb_old_content":"","_et_gb_content_width":"","footnotes":""},"class_list":["post-385","page","type-page","status-publish","hentry"],"_links":{"self":[{"href":"https:\/\/www.thelinksestatesatfisherisland.miami\/es\/wp-json\/wp\/v2\/pages\/385","targetHints":{"allow":["GET"]}}],"collection":[{"href":"https:\/\/www.thelinksestatesatfisherisland.miami\/es\/wp-json\/wp\/v2\/pages"}],"about":[{"href":"https:\/\/www.thelinksestatesatfisherisland.miami\/es\/wp-json\/wp\/v2\/types\/page"}],"author":[{"embeddable":true,"href":"https:\/\/www.thelinksestatesatfisherisland.miami\/es\/wp-json\/wp\/v2\/users\/1"}],"replies":[{"embeddable":true,"href":"https:\/\/www.thelinksestatesatfisherisland.miami\/es\/wp-json\/wp\/v2\/comments?post=385"}],"version-history":[{"count":52,"href":"https:\/\/www.thelinksestatesatfisherisland.miami\/es\/wp-json\/wp\/v2\/pages\/385\/revisions"}],"predecessor-version":[{"id":1882,"href":"https:\/\/www.thelinksestatesatfisherisland.miami\/es\/wp-json\/wp\/v2\/pages\/385\/revisions\/1882"}],"wp:attachment":[{"href":"https:\/\/www.thelinksestatesatfisherisland.miami\/es\/wp-json\/wp\/v2\/media?parent=385"}],"curies":[{"name":"wp","href":"https:\/\/api.w.org\/{rel}","templated":true}]}}